{"id":1133,"date":"2025-10-06T13:44:52","date_gmt":"2025-10-06T13:44:52","guid":{"rendered":"https:\/\/restaurantealmudaina.com\/dev\/?page_id=1133"},"modified":"2025-12-15T17:00:11","modified_gmt":"2025-12-15T17:00:11","slug":"menu-coctel","status":"publish","type":"page","link":"https:\/\/restaurantealmudaina.com\/en\/menu-coctel\/","title":{"rendered":"MEN\u00da COCTEL"},"content":{"rendered":"<div data-elementor-type=\"wp-page\" data-elementor-id=\"1133\" class=\"elementor elementor-1133\" data-elementor-post-type=\"page\">\n\t\t\t\t\t\t<section class=\"elementor-section elementor-top-section elementor-element elementor-element-aff6ffd elementor-section-boxed elementor-section-height-default elementor-section-height-default sc_fly_static\" data-id=\"aff6ffd\" data-element_type=\"section\" data-settings=\"{&quot;background_background&quot;:&quot;classic&quot;}\">\n\t\t\t\t\t\t<div class=\"elementor-container elementor-column-gap-extended\">\n\t\t\t\t\t<div class=\"elementor-column elementor-col-100 elementor-top-column elementor-element elementor-element-6e309d8 sc_content_align_inherit sc_layouts_column_icons_position_left sc_fly_static\" data-id=\"6e309d8\" data-element_type=\"column\">\n\t\t\t<div class=\"elementor-widget-wrap elementor-element-populated\">\n\t\t\t\t\t\t<div class=\"elementor-element elementor-element-dc6fb24 sc_height_huge sc_fly_static elementor-widget elementor-widget-spacer\" data-id=\"dc6fb24\" data-element_type=\"widget\" data-widget_type=\"spacer.default\">\n\t\t\t\t<div class=\"elementor-widget-container\">\n\t\t\t\t\t\t\t<div class=\"elementor-spacer\">\n\t\t\t<div class=\"elementor-spacer-inner\"><\/div>\n\t\t<\/div>\n\t\t\t\t\t\t<\/div>\n\t\t\t\t<\/div>\n\t\t\t\t\t<\/div>\n\t\t<\/div>\n\t\t\t\t\t<\/div>\n\t\t<\/section>\n\t\t\t\t<section class=\"elementor-section elementor-top-section elementor-element elementor-element-e9a76d4 elementor-section-boxed elementor-section-height-default elementor-section-height-default sc_fly_static\" data-id=\"e9a76d4\" data-element_type=\"section\" data-settings=\"{&quot;background_background&quot;:&quot;classic&quot;}\">\n\t\t\t\t\t\t<div class=\"elementor-container elementor-column-gap-extended\">\n\t\t\t\t\t<div class=\"elementor-column elementor-col-100 elementor-top-column elementor-element elementor-element-fbb287a sc_content_align_inherit sc_layouts_column_icons_position_left sc_fly_static\" data-id=\"fbb287a\" data-element_type=\"column\">\n\t\t\t<div class=\"elementor-widget-wrap elementor-element-populated\">\n\t\t\t\t\t\t\t<\/div>\n\t\t<\/div>\n\t\t\t\t\t<\/div>\n\t\t<\/section>\n\t\t\t\t<section class=\"elementor-section elementor-top-section elementor-element elementor-element-c697572 scheme_light elementor-section-boxed elementor-section-height-default elementor-section-height-default sc_fly_static\" data-id=\"c697572\" data-element_type=\"section\" data-settings=\"{&quot;background_background&quot;:&quot;classic&quot;}\">\n\t\t\t\t\t\t<div class=\"elementor-container elementor-column-gap-extended\">\n\t\t\t\t\t<div class=\"elementor-column elementor-col-100 elementor-top-column elementor-element elementor-element-8d19faf sc_content_align_inherit sc_layouts_column_icons_position_left sc_fly_static\" data-id=\"8d19faf\" data-element_type=\"column\">\n\t\t\t<div class=\"elementor-widget-wrap\">\n\t\t\t\t\t\t\t<\/div>\n\t\t<\/div>\n\t\t\t\t\t<\/div>\n\t\t<\/section>\n\t\t\t\t<section class=\"elementor-section elementor-top-section elementor-element elementor-element-3b8ead6 scheme_light elementor-section-boxed elementor-section-height-default elementor-section-height-default sc_fly_static\" data-id=\"3b8ead6\" data-element_type=\"section\" data-settings=\"{&quot;background_background&quot;:&quot;classic&quot;}\">\n\t\t\t\t\t\t<div class=\"elementor-container elementor-column-gap-extended\">\n\t\t\t\t\t<div class=\"elementor-column elementor-col-100 elementor-top-column elementor-element elementor-element-4d39d4d sc_content_align_inherit sc_layouts_column_icons_position_left sc_fly_static\" data-id=\"4d39d4d\" data-element_type=\"column\">\n\t\t\t<div class=\"elementor-widget-wrap elementor-element-populated\">\n\t\t\t\t\t\t<div class=\"elementor-element elementor-element-ed8ed24 elementor-tabs-alignment-center elementor-tabs-view-horizontal sc_tabs_icon_position_left sc_fly_static elementor-widget elementor-widget-tabs\" data-id=\"ed8ed24\" data-element_type=\"widget\" data-widget_type=\"tabs.default\">\n\t\t\t\t<div class=\"elementor-widget-container\">\n\t\t\t\t\t\t\t<div class=\"elementor-tabs\">\n\t\t\t<div class=\"elementor-tabs-wrapper\" role=\"tablist\" >\n\t\t\t\t\t\t\t\t\t<div id=\"elementor-tab-title-2491\" class=\"elementor-tab-title elementor-tab-desktop-title\" aria-selected=\"true\" data-tab=\"1\" role=\"tab\" tabindex=\"0\" aria-controls=\"elementor-tab-content-2491\" aria-expanded=\"false\">MEN\u00da C\u00d3CTEL 1: 55\u20ac<\/div>\n\t\t\t\t\t\t\t\t\t<div id=\"elementor-tab-title-2492\" class=\"elementor-tab-title elementor-tab-desktop-title\" aria-selected=\"false\" data-tab=\"2\" role=\"tab\" tabindex=\"-1\" aria-controls=\"elementor-tab-content-2492\" aria-expanded=\"false\">MEN\u00da C\u00d3CTEL 2: 65\u20ac<\/div>\n\t\t\t\t\t\t\t<\/div>\n\t\t\t<div class=\"elementor-tabs-content-wrapper\" role=\"tablist\" aria-orientation=\"vertical\">\n\t\t\t\t\t\t\t\t\t<div class=\"elementor-tab-title elementor-tab-mobile-title\" aria-selected=\"true\" data-tab=\"1\" role=\"tab\" tabindex=\"0\" aria-controls=\"elementor-tab-content-2491\" aria-expanded=\"false\">MEN\u00da C\u00d3CTEL 1: 55\u20ac<\/div>\n\t\t\t\t\t<div id=\"elementor-tab-content-2491\" class=\"elementor-tab-content elementor-clearfix\" data-tab=\"1\" role=\"tabpanel\" aria-labelledby=\"elementor-tab-title-2491\" tabindex=\"0\" hidden=\"false\"><h3 style=\"text-align: center;\"><span style=\"color: #000000;\">Men\u00fa c\u00f3ctel 1<\/span><\/h3><p class=\"p1\" style=\"text-align: center;\"><span style=\"color: #000000;\">Queso Puro de Oveja<br \/>Salchich\u00f3n Ib\u00e9rico<br \/><\/span><span style=\"color: #000000;\">Tostas de At\u00fan Ahumado con Salmorejo<br \/>Tostas de Lubina en Ceviche<\/span><br \/><span style=\"color: #000000;\">Asadillo de Pimientos con Perdiz en Escabeche<\/span><br \/><span style=\"color: #000000;\">Morcilla de Burgos<\/span><br \/><span style=\"color: #000000;\">Pastela \u00c1rabe<\/span><br \/><span style=\"color: #000000;\">Croquetas de Puchero &#8216;Almudaina\u00bb<\/span><br \/><span style=\"color: #000000;\">Pescadito Frito<\/span><br \/><span style=\"color: #000000;\">Bocadito de Solomillo de Ib\u00e9rico al Ajo Tostado<\/span><\/p><p class=\"p1\" style=\"text-align: center;\"><span style=\"color: #000000;\"><b>POSTRE<\/b><\/span><\/p><p class=\"p1\" style=\"text-align: center;\"><span style=\"color: #000000;\">\u00a0Reposter\u00eda Artesanal &#8216;Almudaina&#8217;<\/span><\/p><p class=\"p1\" style=\"text-align: center;\"><span style=\"color: #000000;\"><strong>BEBIDA<\/strong>: Fino de Montilla, Vino Blanco, Vino Tinto de Crianza,\u00a0<span style=\"font-size: 17px;\">Cerveza, Refrescos, Agua Mineral, Caf\u00e9 e Infusiones<\/span><\/span><\/p><\/div>\n\t\t\t\t\t\t\t\t\t<div class=\"elementor-tab-title elementor-tab-mobile-title\" aria-selected=\"false\" data-tab=\"2\" role=\"tab\" tabindex=\"-1\" aria-controls=\"elementor-tab-content-2492\" aria-expanded=\"false\">MEN\u00da C\u00d3CTEL 2: 65\u20ac<\/div>\n\t\t\t\t\t<div id=\"elementor-tab-content-2492\" class=\"elementor-tab-content elementor-clearfix\" data-tab=\"2\" role=\"tabpanel\" aria-labelledby=\"elementor-tab-title-2492\" tabindex=\"0\" hidden=\"hidden\"><h3 style=\"text-align: center;\"><span style=\"color: #000000;\">Men\u00fa c\u00f3ctel 2<\/span><\/h3><p class=\"p1\" style=\"text-align: center;\"><span style=\"color: #000000;\">Jam\u00f3n Ib\u00e9rico D.O. Los Pedroches<br \/>Queso Puro de Oveja<\/span><br \/><span style=\"color: #000000;\">Salchich\u00f3n Ib\u00e9rico<\/span><br \/><span style=\"color: #000000;\">Mazamorra coon Sardina Ahumada<br \/>Tostas de At\u00fan Ahumado con Salmorejo<br \/>Tosta de Steak Tartar de Vaca con su Grasa y Amontillado<\/span><br \/><span style=\"color: #000000;\">Morcilla de Burgos<\/span><br \/><span style=\"color: #000000;\">Pastela \u00c1rabe<\/span><br \/><span style=\"color: #000000;\">Croquetas de Puchero &#8216;Almudaina&#8217;<\/span><br \/><span style=\"color: #000000;\">Pescadito Frito<\/span><br \/><span style=\"color: #000000;\">Rabo de Toro Deshuesado con Cremoso de Patata<\/span><br \/><span style=\"color: #000000;\">Bocadito de Solomillo Ib\u00e9rico al Ajo Tostado<\/span><\/p><p class=\"p1\" style=\"text-align: center;\"><span style=\"color: #000000;\"><strong>POSTRE<\/strong><\/span><\/p><p class=\"p1\" style=\"text-align: center;\"><span style=\"color: #000000;\">\u00a0Reposter\u00eda Artesanal &#8216;Almudaina&#8217;<\/span><\/p><p class=\"p1\" style=\"text-align: center;\"><span style=\"color: #000000;\"><strong>BEBIDA<\/strong>: Fino de Montilla, Vino Blanco, Vino Tinto de Crianza, Cerveza, Refrescos, Agua Mineral, Caf\u00e9 e Infusiones<\/span><\/p><\/div>\n\t\t\t\t\t\t\t<\/div>\n\t\t<\/div>\n\t\t\t\t\t\t<\/div>\n\t\t\t\t<\/div>\n\t\t\t\t\t<\/div>\n\t\t<\/div>\n\t\t\t\t\t<\/div>\n\t\t<\/section>\n\t\t\t\t<\/div>","protected":false},"excerpt":{"rendered":"<p>MEN\u00da C\u00d3CTEL 1: 55\u20ac MEN\u00da C\u00d3CTEL 2: 65\u20ac MEN\u00da C\u00d3CTEL 1: 55\u20ac Men\u00fa c\u00f3ctel 1 Queso Puro de OvejaSalchich\u00f3n Ib\u00e9ricoTostas de At\u00fan Ahumado con SalmorejoTostas de Lubina en CevicheAsadillo de&hellip;<\/p>","protected":false},"author":1,"featured_media":0,"parent":0,"menu_order":0,"comment_status":"closed","ping_status":"closed","template":"","meta":{"footnotes":""},"class_list":["post-1133","page","type-page","status-publish","hentry"],"_links":{"self":[{"href":"https:\/\/restaurantealmudaina.com\/en\/wp-json\/wp\/v2\/pages\/1133","targetHints":{"allow":["GET"]}}],"collection":[{"href":"https:\/\/restaurantealmudaina.com\/en\/wp-json\/wp\/v2\/pages"}],"about":[{"href":"https:\/\/restaurantealmudaina.com\/en\/wp-json\/wp\/v2\/types\/page"}],"author":[{"embeddable":true,"href":"https:\/\/restaurantealmudaina.com\/en\/wp-json\/wp\/v2\/users\/1"}],"replies":[{"embeddable":true,"href":"https:\/\/restaurantealmudaina.com\/en\/wp-json\/wp\/v2\/comments?post=1133"}],"version-history":[{"count":104,"href":"https:\/\/restaurantealmudaina.com\/en\/wp-json\/wp\/v2\/pages\/1133\/revisions"}],"predecessor-version":[{"id":2325,"href":"https:\/\/restaurantealmudaina.com\/en\/wp-json\/wp\/v2\/pages\/1133\/revisions\/2325"}],"wp:attachment":[{"href":"https:\/\/restaurantealmudaina.com\/en\/wp-json\/wp\/v2\/media?parent=1133"}],"curies":[{"name":"wp","href":"https:\/\/api.w.org\/{rel}","templated":true}]}}