{"id":1520,"date":"2025-10-28T21:32:39","date_gmt":"2025-10-28T21:32:39","guid":{"rendered":"https:\/\/restaurantealmudaina.com\/dev\/?page_id=1520"},"modified":"2025-12-04T08:44:34","modified_gmt":"2025-12-04T08:44:34","slug":"politica-de-privacidad","status":"publish","type":"page","link":"https:\/\/restaurantealmudaina.com\/en\/politica-de-privacidad\/","title":{"rendered":"Politica de privacidad"},"content":{"rendered":"<div data-elementor-type=\"wp-page\" data-elementor-id=\"1520\" class=\"elementor elementor-1520\" data-elementor-post-type=\"page\">\n\t\t\t\t\t\t<section class=\"elementor-section elementor-top-section elementor-element elementor-element-aff6ffd elementor-section-boxed elementor-section-height-default elementor-section-height-default sc_fly_static\" data-id=\"aff6ffd\" data-element_type=\"section\" data-settings=\"{&quot;background_background&quot;:&quot;classic&quot;}\">\n\t\t\t\t\t\t<div class=\"elementor-container elementor-column-gap-extended\">\n\t\t\t\t\t<div class=\"elementor-column elementor-col-100 elementor-top-column elementor-element elementor-element-6e309d8 sc_content_align_inherit sc_layouts_column_icons_position_left sc_fly_static\" data-id=\"6e309d8\" data-element_type=\"column\">\n\t\t\t<div class=\"elementor-widget-wrap elementor-element-populated\">\n\t\t\t\t\t\t<div class=\"elementor-element elementor-element-dc6fb24 sc_height_huge sc_fly_static elementor-widget elementor-widget-spacer\" data-id=\"dc6fb24\" data-element_type=\"widget\" data-widget_type=\"spacer.default\">\n\t\t\t\t<div class=\"elementor-widget-container\">\n\t\t\t\t\t\t\t<div class=\"elementor-spacer\">\n\t\t\t<div class=\"elementor-spacer-inner\"><\/div>\n\t\t<\/div>\n\t\t\t\t\t\t<\/div>\n\t\t\t\t<\/div>\n\t\t\t\t\t<\/div>\n\t\t<\/div>\n\t\t\t\t\t<\/div>\n\t\t<\/section>\n\t\t\t\t<section class=\"elementor-section elementor-top-section elementor-element elementor-element-c697572 scheme_light elementor-section-boxed elementor-section-height-default elementor-section-height-default sc_fly_static\" data-id=\"c697572\" data-element_type=\"section\" data-settings=\"{&quot;background_background&quot;:&quot;classic&quot;}\">\n\t\t\t\t\t\t<div class=\"elementor-container elementor-column-gap-extended\">\n\t\t\t\t\t<div class=\"elementor-column elementor-col-100 elementor-top-column elementor-element elementor-element-8d19faf sc_content_align_inherit sc_layouts_column_icons_position_left sc_fly_static\" data-id=\"8d19faf\" data-element_type=\"column\">\n\t\t\t<div class=\"elementor-widget-wrap\">\n\t\t\t\t\t\t\t<\/div>\n\t\t<\/div>\n\t\t\t\t\t<\/div>\n\t\t<\/section>\n\t\t\t\t<section class=\"elementor-section elementor-top-section elementor-element elementor-element-1a635c3 elementor-section-content-middle elementor-section-boxed elementor-section-height-default elementor-section-height-default sc_fly_static\" data-id=\"1a635c3\" data-element_type=\"section\" data-settings=\"{&quot;background_background&quot;:&quot;classic&quot;}\">\n\t\t\t\t\t\t<div class=\"elementor-container elementor-column-gap-extended\">\n\t\t\t\t\t<div class=\"elementor-column elementor-col-100 elementor-top-column elementor-element elementor-element-c90d782 sc_content_align_inherit sc_layouts_column_icons_position_left sc_fly_static\" data-id=\"c90d782\" data-element_type=\"column\">\n\t\t\t<div class=\"elementor-widget-wrap elementor-element-populated\">\n\t\t\t\t\t\t<div class=\"elementor-element elementor-element-29e8511 sc_fly_static elementor-widget elementor-widget-text-editor\" data-id=\"29e8511\" data-element_type=\"widget\" data-widget_type=\"text-editor.default\">\n\t\t\t\t<div class=\"elementor-widget-container\">\n\t\t\t\t\t\t\t\t\t<div class=\"eltdf-container eltdf-default-page-template\"><div class=\"eltdf-container-inner clearfix\"><div class=\"eltdf-grid-row\"><div class=\"eltdf-page-content-holder eltdf-grid-col-12\"><div class=\"eltdf-container eltdf-default-page-template\"><div class=\"eltdf-container-inner clearfix\"><div class=\"eltdf-grid-row\"><div class=\"eltdf-page-content-holder eltdf-grid-col-12\"><div class=\"eltdf-container eltdf-default-page-template\"><div class=\"eltdf-container-inner clearfix\"><div class=\"eltdf-grid-row\"><div class=\"eltdf-page-content-holder eltdf-grid-col-12\"><p><strong><u>POLITICA DE PRIVACIDAD DE RESTACOR, S.L. \u00abRESTAURANTE ALMUDAINA\u00bb<\/u><\/strong><\/p><p><strong>(INFORMACION ADICIONAL Y DETALLADA SOBRE PROTECCI\u00d3N DE DATOS)<\/strong><\/p><p>De conformidad con lo dispuesto en la Ley Org\u00e1nica 3\/2018, de 5 de diciembre, de Protecci\u00f3n de Datos Personales y Garant\u00eda de los Derechos Digitales y en el Reglamento (UE) 2016\/679, del Parlamento Europeo y del Consejo, de 27 de abril de 2016 (RGPD), relativo a la protecci\u00f3n de las personas f\u00edsicas en lo que respecta al tratamiento de datos personales y a la libre circulaci\u00f3n de estos datos, se le facilita la siguiente informaci\u00f3n:<\/p><p><strong><u>\u00a0<\/u><\/strong><\/p><p><strong><u>RESPONSABLE <\/u><\/strong><strong><em>\u00ab\u00bfQui\u00e9n es el responsable del tratamiento de sus datos?\u00bb<\/em><\/strong><\/p><p>Responsable del Tratamiento: RESTACOR, S.L. \u00abRESTAURANTE ALMUDAINA\u00bb CIF\u00a0 B14268569<\/p><p>Direcci\u00f3n postal: PLAZA. CAMPO SANTO DE LOS MARTIRES, 1,\u00a0 14004, C\u00d3RDOBA<\/p><p>Tel\u00e9fono: 957474342<\/p><p>Correo Electr\u00f3nico: almudaina@restaurantealmudaina.com<\/p><p><strong><u>\u00a0<\/u><\/strong><\/p><p><strong><u>FINALIDAD<\/u><\/strong><strong><em>\u00ab\u00bfCon qu\u00e9 finalidad tratamos sus datos personales?\u00bb<\/em><\/strong><\/p><p>Sus datos personales ser\u00e1n tratados con las siguientes finalidades seg\u00fan resulten de aplicaci\u00f3n:<\/p><ul><li>Atender y gestionar solicitudes de reserva, as\u00ed como llevar a cabo las comunicaciones necesarias para confirmaci\u00f3n de las mismas.<\/li><li>Gesti\u00f3n administrativa y contable derivada de la prestaci\u00f3n de nuestros servicios de restauraci\u00f3n, entre la que se encuentra la gesti\u00f3n de cobros a trav\u00e9s de dispositivos TPV y la emisi\u00f3n de facturas resultantes de los mismos.<\/li><\/ul><p><em>\u00abLa consignaci\u00f3n de los datos solicitados tiene car\u00e1cter obligatorio, pues la informaci\u00f3n solicitada es imprescindible para la prestaci\u00f3n de nuestros servicios. En el caso de mostrar negativa, las consecuencias de no aportar dichos datos ser\u00e1 la imposibilidad de llevar a cabo las finalidades descritas\u00bb.<\/em><\/p><p><em>\u00abNo se utilizar\u00e1n sus datos personales para otras finalidades distintas a las descritas, solicit\u00e1ndosele siempre con car\u00e1cter previo su consentimiento expreso, informado e inequ\u00edvoco. No se realizan an\u00e1lisis de perfiles basado \u00fanicamente en el tratamiento automatizado que produzca efectos jur\u00eddicos o le afecte significativamente de modo similar\u00bb.<\/em><\/p><ul><li>Gestionar y realizar un seguimiento de nuestras Redes Sociales (RRSS), con la finalidad de publicitar nuestra empresa<\/li><\/ul><p>RESTACOR, S.L. \u00abRESTAURANTE ALMUDAINA\u00bb cuenta con perfil en algunas de las principales redes sociales de Internet (Facebook e Instagram). Sus datos como Usuario ser\u00e1n tratados \u00fanicamente con la finalidad de administrar correctamente su presencia en la red social, dando publicidad sobre los servicios comercializados.<\/p><p>El tratamiento de sus datos como seguidor de nuestras redes sociales se regir\u00e1 por este apartado, as\u00ed como por aquellas condiciones de uso, pol\u00edticas de privacidad y normativas de acceso que pertenezcan a la red social que proceda en cada caso y que ha sido previamente aceptada por el Usted como usuario.<\/p><ul><li>En relaci\u00f3n con su imagen, le informamos que, tras prestarnos su consentimiento, realizaremos y publicaremos en nuestras redes sociales (Facebook, Instagram, etc.) y portal web \u00abWWW.RESTAURANTEALMUDAINA.COM\u00bb una serie de fotograf\u00edas y videos durante su estancia en nuestro restaurante, con la finalidad de potenciar nuestra imagen y publicitar nuestra empresa.<\/li><li>Recepcionar la \u00abHoja de Quejas y Reclamaciones\u00bb con la finalidad de darle respuesta para proponer una soluci\u00f3n a la queja o reclamaci\u00f3n planteada o, en su caso, justificar la imposibilidad de una posible soluci\u00f3n.<\/li><\/ul><ul><li>Responder al ejercicio de derechos, consultas y reclamaciones.<\/li><\/ul><p><strong><em>\u00a0<\/em><\/strong><\/p><p><strong><em>\u00ab\u00bfPor cu\u00e1nto tiempo se conservar\u00e1n sus datos?\u00bb<\/em><\/strong><\/p><ul><li>Sus datos personales ser\u00e1n conservados mientras se mantenga alg\u00fan tipo de relaci\u00f3n contractual o de negocio entre usted y RESTACOR, S.L. \u00abRESTAURANTE ALMUDAINA\u00bb y no solicite su supresi\u00f3n. Cuando no sean necesarios, se mantendr\u00e1n por el per\u00edodo de prescripci\u00f3n de las acciones nacidas del tratamiento, a partir de la \u00faltima confirmaci\u00f3n de inter\u00e9s o \u00faltima transacci\u00f3n\/comunicaci\u00f3n (6 a\u00f1os, a efectos mercantiles, art\u00edculo 30 del C\u00f3digo de Comercio: documentos bancarios, facturas emitidas, recibos generados; 1 a\u00f1o, Ley 34\/2002 de Servicios de la Sociedad de la Informaci\u00f3n y de Comercio Electr\u00f3nico (LSSICE): datos de tr\u00e1fico relativos a correos electr\u00f3nicos datos de tr\u00e1fico relativos a correos electr\u00f3nicos y datos aportados a trav\u00e9s de la web; 1 a\u00f1o, Art\u00edculo 5 de la Ley 25\/2007: datos de tr\u00e1fico relativos a conexiones a lnternet; otros plazos de conservaci\u00f3n dispuestos en normativa vigente de aplicaci\u00f3n).<\/li><\/ul><p>Durante dicho per\u00edodo de prescripci\u00f3n de las acciones nacidas del tratamiento, mantendremos la informaci\u00f3n debidamente bloqueada, sin darle ning\u00fan uso, excepto para la puesta a disposici\u00f3n de los datos a los jueces y tribunales, el Ministerio Fiscal o las Administraciones P\u00fablicas competentes, en particular de las autoridades de protecci\u00f3n de datos, para la exigencia de posibles responsabilidades derivadas del tratamiento.<\/p><p>Transcurridos dichos plazos, los datos personales se suprimir\u00e1n con medidas de seguridad adecuadas para garantizar la destrucci\u00f3n total de los mismos.<\/p><p><strong><em>\u00a0<\/em><\/strong><\/p><ul><li>Las fotograf\u00edas realizadas y la difusi\u00f3n de las mismas a trav\u00e9s de Redes Sociales y portal web, se conservar\u00e1n hasta que revoque su consentimiento previo otorgado y no solicite su supresi\u00f3n.<\/li><\/ul><p><strong><em>\u00a0<\/em><\/strong><\/p><p><strong><u>LEGITIMACI\u00d3N<\/u><\/strong><strong><em>\u00ab\u00bfCual es la legitimaci\u00f3n para el tratamiento de sus datos?\u00bb<\/em><\/strong><\/p><p>RESTACOR, S.L. \u00abRESTAURANTE ALMUDAINA\u00bb tiene las siguientes bases leg\u00edtimas para poder tratar sus datos personales:<\/p><ul><li><strong>Obligaci\u00f3n Legal, <\/strong>conforme al art\u00edculo 6.1 letra c) RGPD 2016\/679: La gesti\u00f3n y emisi\u00f3n de recibos, albaranes o facturas resultantes como consecuencia de la prestaci\u00f3n de nuestros servicios y venta de productos se basa en una obligaci\u00f3n legal, as\u00ed como en dar respuesta al ejercicio de derechos efectuado por usted y las reclamaciones interpuestas formalmente a trav\u00e9s del documento \u00abHoja de Quejas y Reclamaciones\u00bb.<\/li><li><strong>Ejecuci\u00f3n de un contrato, <\/strong>conforme al art\u00edculo 6.1 letra b) RGPD 2016\/679.<\/li><\/ul><p>El tratamiento de los datos recopilados debido al pago por tarjeta bancaria tiene, como base \u00a0\u00a0\u00a0\u00a0\u00a0\u00a0\u00a0\u00a0\u00a0\u00a0\u00a0 legal, la relaci\u00f3n contractual que nos une por la prestaci\u00f3n de nuestros servicios de \u00a0\u00a0\u00a0\u00a0\u00a0\u00a0\u00a0\u00a0\u00a0\u00a0\u00a0 restauraci\u00f3n.<\/p><ul><li><strong>Consentimiento expreso, <\/strong>conforme al art\u00edculo 6.1 letra a) del RGPD 2016\/679:<\/li><\/ul><p>En relaci\u00f3n con las siguientes finalidades, la base legal del tratamiento de sus datos personales \u00a0\u00a0\u00a0\u00a0\u00a0\u00a0\u00a0\u00a0\u00a0\u00a0\u00a0 ser\u00e1 por consentimiento expreso del mismo:<\/p><ul><li>Respuesta a reclamaciones interpuestas, as\u00ed como para la resoluci\u00f3n de dudas y consultas formuladas.<\/li><li>Acceso a nuestras redes sociales para informar sobre las noticias o informaci\u00f3n publicada. Al unirse a nuestro perfil creado en la red social \u00abFacebook e Instagram\u00bb nos facilita consentimiento para tratar los datos personales publicados en su perfil.<\/li><li>Gesti\u00f3n de reservas efectuadas.<\/li><li>Realizaci\u00f3n y publicaci\u00f3n de fotograf\u00edas\/videos en nuestra p\u00e1gina web www.restaurantealmudaina.com y Redes Sociales.<\/li><\/ul><p><em>\u00abPodr\u00e1 retirar su consentimiento sin que ello afecte a la licitud del tratamiento basado en el consentimiento previo a su retirada. La retirada de dicho consentimiento podr\u00e1 comunicarla en cualquier momento a trav\u00e9s del correo electr\u00f3nico almudaina@restaurantealmudaina.com\u00bb.<\/em><\/p><p><em>\u00abLa revocaci\u00f3n del consentimiento no condicionar\u00e1 la prestaci\u00f3n de nuestra relaci\u00f3n contractual\u00bb.<\/em><\/p><p><em>\u00a0<\/em><\/p><ul><li><strong>Inter\u00e9s Leg\u00edtimo del Responsable, conforme al art\u00edculo 6.1 letra f) RGPD 2016\/679: p<\/strong>odremos utilizar sus datos personales para reclamar y\/o emprender las acciones legales necesarias para defender nuestros derechos e intereses leg\u00edtimos.<\/li><\/ul><p><strong><u>\u00a0<\/u><\/strong><\/p><p><strong><u>DESTINATARIOS<\/u><\/strong><strong><em>\u00ab\u00bfA qu\u00e9 destinatarios se comunicar\u00e1n sus datos?\u00bb<\/em><\/strong><\/p><p>Sus datos personales podr\u00e1n ser comunicados de forma leg\u00edtima y, cuando sea necesario, a los siguientes destinatarios. Dichas comunicaciones ser\u00e1n necesarias para la prestaci\u00f3n de servicios y venta de nuestros productos:<\/p><ul><li>Administraciones y organismos p\u00fablicos (Hacienda, Servicio de Consumo, etc.) y\/o cuerpos y fuerzas de seguridad, cuando as\u00ed lo exija alguna norma o fuese necesario para la protecci\u00f3n legal de nuestros intereses leg\u00edtimos a efectos del cumplimiento de la ley.<\/li><li>Empresas encargadas del tratamiento de datos, tales como Prestadores de Servicios IT, Asesor\u00edas, etc. RESTACOR, S.L. \u00abRESTAURANTE ALMUDAINA\u00bb ha suscrito los correspondientes contratos de encargo con cada uno de estos proveedores, con el objetivo de garantizar que traten los datos proporcionados de conformidad con lo establecido en la legislaci\u00f3n vigente.<\/li><li>Bancos, con la finalidad de gestionar los cobros a trav\u00e9s de Dispositivos TPV.<\/li><\/ul><p><strong>\u00a0<\/strong><\/p><p><strong>Transferencias Internacionales de Datos con garant\u00edas adecuadas <\/strong>(flujo de datos personales desde el territorio espa\u00f1ol a destinatarios establecidos en pa\u00edses fuera del Espacio Econ\u00f3mico Europeo), en el caso de que exista difusi\u00f3n de datos personales a trav\u00e9s de la red social Facebook e Instagram:<\/p><p>Facebook e Instagram, perteneciente a Meta Platforms, Inc., lleva a cabo las transferencias de datos fuera de la Uni\u00f3n Europea regido por Clausulas Contractuales Tipo aprobadas por la Comisi\u00f3n Europea para garantizar la protecci\u00f3n de los datos. Informaci\u00f3n disponible en: https:\/\/www.facebook.com\/help\/566994660333381?ref=dp<\/p><p><strong><u>\u00a0<\/u><\/strong><\/p><p><strong><u>DERECHOS<\/u><\/strong><strong><em>\u00ab\u00bfCu\u00e1les son sus derechos al facilitarnos sus datos?\u00bb<\/em><\/strong><\/p><p>Cualquier persona tiene derecho a obtener confirmaci\u00f3n sobre si en RESTACOR, S.L. \u00abRESTAURANTE ALMUDAINA\u00bb estamos tratando datos personales que les conciernen, o no.<\/p><ul><li><strong>Derecho<\/strong><strong> de acceso, rectificaci\u00f3n y supresi\u00f3n<\/strong>: Tiene derecho a acceder a sus datos personales, as\u00ed como a solicitar la rectificaci\u00f3n de los datos inexactos o, en su caso, solicitar su supresi\u00f3n cuando, entre otros motivos, los datos ya no sean necesarios para los fines que fueron recogidos.<\/li><li><strong>Derecho<\/strong><strong> de limitaci\u00f3n:<\/strong> en determinadas circunstancias, podr\u00e1 solicitar la limitaci\u00f3n del tratamiento de sus datos, en cuyo caso \u00fanicamente los conservaremos para el ejercicio o la defensa de reclamaciones.<\/li><li><strong>Derecho<\/strong><strong> de Oposici\u00f3n:<\/strong> en determinadas circunstancias y por motivos relacionados con su situaci\u00f3n particular, podr\u00e1 oponerse al tratamiento de sus datos. Por tanto RESTACOR, S.L. \u00abRESTAURANTE ALMUDAINA\u00bb dejar\u00e1 de tratar los datos, salvo por motivos leg\u00edtimos imperiosos, o el ejercicio o la defensa de posibles reclamaciones.<\/li><li>Cuando el tratamiento de datos personales tenga por objeto la mercadotecnia directa, tendr\u00e1 derecho a oponerse al tratamiento de sus datos, incluida la elaboraci\u00f3n de perfiles relacionados con la citada mercadotecnia.<\/li><li><strong>Derecho a la portabilidad de los datos:<\/strong> Podr\u00e1 solicitar la portabilidad de sus datos a otro responsable del tratamiento, en cuyo caso se har\u00e1 siempre y cuando el tratamiento est\u00e9 basado en el consentimiento l\u00edcito, el tratamiento sea automatizado y se transmitir\u00e1n de responsable a responsable cuando sea t\u00e9cnicamente posible.<\/li><li>Derecho a retirar el consentimiento, sin que ello afecte a la licitud del tratamiento basado en el consentimiento previo a su retirada.<\/li><li><strong>Derecho a <\/strong><strong>presentar<\/strong><strong> una reclamaci\u00f3n<\/strong> ante la AGENCIA ESPA\u00d1OLA DE PROTECCI\u00d3N DE DATOS, cuando no haya obtenido satisfacci\u00f3n en el ejercicio de sus derechos u otros asuntos. Para contactar con dicha Autoridad de Control puede hacerlo a trav\u00e9s de su p\u00e1gina web www.agpd.es.<\/li><\/ul><p>Para ejercer cualquiera de los derechos indicados anteriormente, tendr\u00e1 a su disposici\u00f3n una serie de modelos o formularios ubicados en https:\/\/www.aepd.es\/derechos-y-deberes\/conoce-tus-derechos\/derecho-de-acceso y deber\u00e1 de dirigirlos a RESTACOR, S.L. \u00abRESTAURANTE ALMUDAINA\u00bb <strong>\u00a0<\/strong>almudaina@restaurantealmudaina.com o a la direcci\u00f3n que aparece en los datos de contacto del RESPONSABLE.<\/p><p>Opcionalmente, puede dirigirse tambi\u00e9n a la AGENCIA ESPA\u00d1OLA DE PROTECCION DE DATOS (www.aepd.es) para solicitar informaci\u00f3n sobre dichos derechos.<\/p><p>Para tramitar la solicitud de ejercicio de derechos deber\u00e1 de acreditar su identidad mediante fotocopia de su DNI.<\/p><p><strong><u>\u00a0<\/u><\/strong><\/p><p><strong><u>OTRA INFORMACI\u00d3N<\/u><\/strong><\/p><ul><li>RESTACOR, S.L. \u00abRESTAURANTE ALMUDAINA\u00bb guardar\u00e1 secreto profesional de toda la informaci\u00f3n que afecte a los datos, almacen\u00e1ndolos con la debida confidencialidad y utiliz\u00e1ndolos \u00fanicamente para los fines concretos para los que les fueron facilitados. Asimismo, adoptar\u00e1 las medidas t\u00e9cnicas y organizativas apropiadas contra el acceso no autorizado o el procesamiento ilegal de datos personales, as\u00ed como contra la p\u00e9rdida o destrucci\u00f3n accidental de los mismos. La informaci\u00f3n es confidencial, privilegiada y tratada s\u00f3lo por las personas que, como usuarios autorizados, tienen acceso a los datos personales, quedando totalmente prohibida cualquier divulgaci\u00f3n, distribuci\u00f3n o reproducci\u00f3n de la informaci\u00f3n tratada.<\/li><\/ul><ul><li>Los datos aportados y los generados durante la relaci\u00f3n contractual ser\u00e1n tratados de manera l\u00edcita, leal, transparente, adecuada, pertinente, limitada, exacta y actualizada.<\/li><\/ul><ul><li>Mientras no nos comunique lo contrario, entenderemos que sus datos no han sido modificados, comprometi\u00e9ndose usted a notificarnos cualquier variaci\u00f3n en los mismos.<\/li><\/ul><ul><li>La presente pol\u00edtica podr\u00e1 ser objeto de revisiones peri\u00f3dicas, con la finalidad de mejorarla y actualizarla. Cualquier modificaci\u00f3n le ser\u00e1 comunicada.<\/li><\/ul><p><em>\u201cEn el caso de que nos comunique datos de terceros, deber\u00e1 informales\u00a0 previamente de este hecho, as\u00ed como de la finalidad y forma de tratamiento de los mismos, siendo usted adem\u00e1s el \u00fanico responsable de dicha comunicaci\u00f3n.\u00bb<\/em><\/p><\/div><\/div><\/div><\/div><\/div><\/div><\/div><\/div><\/div><\/div><\/div><\/div>\t\t\t\t\t\t\t\t<\/div>\n\t\t\t\t<\/div>\n\t\t\t\t\t<\/div>\n\t\t<\/div>\n\t\t\t\t\t<\/div>\n\t\t<\/section>\n\t\t\t\t<\/div>","protected":false},"excerpt":{"rendered":"<p>POLITICA DE PRIVACIDAD DE RESTACOR, S.L. \u00abRESTAURANTE ALMUDAINA\u00bb (INFORMACION ADICIONAL Y DETALLADA SOBRE PROTECCI\u00d3N DE DATOS) De conformidad con lo dispuesto en la Ley Org\u00e1nica 3\/2018, de 5 de diciembre,&hellip;<\/p>","protected":false},"author":1,"featured_media":0,"parent":0,"menu_order":0,"comment_status":"closed","ping_status":"closed","template":"","meta":{"footnotes":""},"class_list":["post-1520","page","type-page","status-publish","hentry"],"_links":{"self":[{"href":"https:\/\/restaurantealmudaina.com\/en\/wp-json\/wp\/v2\/pages\/1520","targetHints":{"allow":["GET"]}}],"collection":[{"href":"https:\/\/restaurantealmudaina.com\/en\/wp-json\/wp\/v2\/pages"}],"about":[{"href":"https:\/\/restaurantealmudaina.com\/en\/wp-json\/wp\/v2\/types\/page"}],"author":[{"embeddable":true,"href":"https:\/\/restaurantealmudaina.com\/en\/wp-json\/wp\/v2\/users\/1"}],"replies":[{"embeddable":true,"href":"https:\/\/restaurantealmudaina.com\/en\/wp-json\/wp\/v2\/comments?post=1520"}],"version-history":[{"count":4,"href":"https:\/\/restaurantealmudaina.com\/en\/wp-json\/wp\/v2\/pages\/1520\/revisions"}],"predecessor-version":[{"id":1527,"href":"https:\/\/restaurantealmudaina.com\/en\/wp-json\/wp\/v2\/pages\/1520\/revisions\/1527"}],"wp:attachment":[{"href":"https:\/\/restaurantealmudaina.com\/en\/wp-json\/wp\/v2\/media?parent=1520"}],"curies":[{"name":"wp","href":"https:\/\/api.w.org\/{rel}","templated":true}]}}