{"id":36,"date":"2020-05-26T12:53:00","date_gmt":"2020-05-26T12:53:00","guid":{"rendered":"https:\/\/restaurantealmudaina.com\/dev\/?page_id=36"},"modified":"2025-12-04T08:44:34","modified_gmt":"2025-12-04T08:44:34","slug":"sobre-nosotros","status":"publish","type":"page","link":"https:\/\/restaurantealmudaina.com\/en\/sobre-nosotros\/","title":{"rendered":"HISTORIA"},"content":{"rendered":"<div data-elementor-type=\"wp-page\" data-elementor-id=\"36\" class=\"elementor elementor-36\" data-elementor-post-type=\"page\">\n\t\t\t\t\t\t<section class=\"elementor-section elementor-top-section elementor-element elementor-element-aff6ffd elementor-section-boxed elementor-section-height-default elementor-section-height-default sc_fly_static\" data-id=\"aff6ffd\" data-element_type=\"section\" data-settings=\"{&quot;background_background&quot;:&quot;classic&quot;}\">\n\t\t\t\t\t\t<div class=\"elementor-container elementor-column-gap-extended\">\n\t\t\t\t\t<div class=\"elementor-column elementor-col-100 elementor-top-column elementor-element elementor-element-6e309d8 sc_content_align_inherit sc_layouts_column_icons_position_left sc_fly_static\" data-id=\"6e309d8\" data-element_type=\"column\">\n\t\t\t<div class=\"elementor-widget-wrap elementor-element-populated\">\n\t\t\t\t\t\t\t<\/div>\n\t\t<\/div>\n\t\t\t\t\t<\/div>\n\t\t<\/section>\n\t\t\t\t<section class=\"elementor-section elementor-top-section elementor-element elementor-element-64ff588 elementor-section-content-middle scheme_default elementor-section-boxed elementor-section-height-default elementor-section-height-default sc_fly_static\" data-id=\"64ff588\" data-element_type=\"section\" data-settings=\"{&quot;background_background&quot;:&quot;classic&quot;}\">\n\t\t\t\t\t\t<div class=\"elementor-container elementor-column-gap-extended\">\n\t\t\t\t\t<div class=\"elementor-column elementor-col-50 elementor-top-column elementor-element elementor-element-5a49879c sc_content_align_inherit sc_layouts_column_icons_position_left sc_fly_static\" data-id=\"5a49879c\" data-element_type=\"column\">\n\t\t\t<div class=\"elementor-widget-wrap elementor-element-populated\">\n\t\t\t\t\t\t<section class=\"elementor-section elementor-inner-section elementor-element elementor-element-743893cc elementor-section-boxed elementor-section-height-default elementor-section-height-default sc_fly_static\" data-id=\"743893cc\" data-element_type=\"section\">\n\t\t\t\t\t\t<div class=\"elementor-container elementor-column-gap-no\">\n\t\t\t\t\t<div class=\"elementor-column elementor-col-50 elementor-inner-column elementor-element elementor-element-642b6d99 sc_content_align_inherit sc_layouts_column_icons_position_left sc_fly_static\" data-id=\"642b6d99\" data-element_type=\"column\">\n\t\t\t<div class=\"elementor-widget-wrap elementor-element-populated\">\n\t\t\t\t\t\t<div class=\"elementor-element elementor-element-1a2c194b no-title sc_fly_static elementor-widget elementor-widget-image\" data-id=\"1a2c194b\" data-element_type=\"widget\" data-widget_type=\"image.default\">\n\t\t\t\t<div class=\"elementor-widget-container\">\n\t\t\t\t\t\t\t\t\t\t\t\t\t\t\t<img fetchpriority=\"high\" decoding=\"async\" width=\"962\" height=\"1280\" src=\"https:\/\/restaurantealmudaina.com\/wp-content\/uploads\/2025\/10\/Ellegantia-Bodas-Maria-y-Eulalio-39-e1612699749417.jpg\" class=\"attachment-full size-full wp-image-1588\" alt=\"\" srcset=\"https:\/\/restaurantealmudaina.com\/wp-content\/uploads\/2025\/10\/Ellegantia-Bodas-Maria-y-Eulalio-39-e1612699749417.jpg 962w, https:\/\/restaurantealmudaina.com\/wp-content\/uploads\/2025\/10\/Ellegantia-Bodas-Maria-y-Eulalio-39-e1612699749417-225x300.jpg 225w, https:\/\/restaurantealmudaina.com\/wp-content\/uploads\/2025\/10\/Ellegantia-Bodas-Maria-y-Eulalio-39-e1612699749417-770x1024.jpg 770w, https:\/\/restaurantealmudaina.com\/wp-content\/uploads\/2025\/10\/Ellegantia-Bodas-Maria-y-Eulalio-39-e1612699749417-768x1022.jpg 768w, https:\/\/restaurantealmudaina.com\/wp-content\/uploads\/2025\/10\/Ellegantia-Bodas-Maria-y-Eulalio-39-e1612699749417-370x493.jpg 370w, https:\/\/restaurantealmudaina.com\/wp-content\/uploads\/2025\/10\/Ellegantia-Bodas-Maria-y-Eulalio-39-e1612699749417-840x1118.jpg 840w, https:\/\/restaurantealmudaina.com\/wp-content\/uploads\/2025\/10\/Ellegantia-Bodas-Maria-y-Eulalio-39-e1612699749417-410x546.jpg 410w\" sizes=\"(max-width: 962px) 100vw, 962px\" \/>\t\t\t\t\t\t\t\t\t\t\t\t\t\t\t<\/div>\n\t\t\t\t<\/div>\n\t\t\t\t<div class=\"elementor-element elementor-element-40ecf6a1 sc_height_large sc_layouts_hide_on_mobile sc_fly_static elementor-widget elementor-widget-spacer\" data-id=\"40ecf6a1\" data-element_type=\"widget\" data-widget_type=\"spacer.default\">\n\t\t\t\t<div class=\"elementor-widget-container\">\n\t\t\t\t\t\t\t<div class=\"elementor-spacer\">\n\t\t\t<div class=\"elementor-spacer-inner\"><\/div>\n\t\t<\/div>\n\t\t\t\t\t\t<\/div>\n\t\t\t\t<\/div>\n\t\t\t\t\t<\/div>\n\t\t<\/div>\n\t\t\t\t<div class=\"elementor-column elementor-col-50 elementor-inner-column elementor-element elementor-element-715db1cc sc_content_align_inherit sc_layouts_column_icons_position_left sc_fly_static\" data-id=\"715db1cc\" data-element_type=\"column\">\n\t\t\t<div class=\"elementor-widget-wrap elementor-element-populated\">\n\t\t\t\t\t\t<div class=\"elementor-element elementor-element-21a1e049 no-title sc_fly_static elementor-widget elementor-widget-image\" data-id=\"21a1e049\" data-element_type=\"widget\" data-widget_type=\"image.default\">\n\t\t\t\t<div class=\"elementor-widget-container\">\n\t\t\t\t\t\t\t\t\t\t\t\t\t\t\t<img decoding=\"async\" width=\"800\" height=\"1200\" src=\"https:\/\/restaurantealmudaina.com\/wp-content\/uploads\/2025\/10\/Familia-restaurante-almudaina-800-1.jpg\" class=\"attachment-full size-full wp-image-1589\" alt=\"\" srcset=\"https:\/\/restaurantealmudaina.com\/wp-content\/uploads\/2025\/10\/Familia-restaurante-almudaina-800-1.jpg 800w, https:\/\/restaurantealmudaina.com\/wp-content\/uploads\/2025\/10\/Familia-restaurante-almudaina-800-1-200x300.jpg 200w, https:\/\/restaurantealmudaina.com\/wp-content\/uploads\/2025\/10\/Familia-restaurante-almudaina-800-1-683x1024.jpg 683w, https:\/\/restaurantealmudaina.com\/wp-content\/uploads\/2025\/10\/Familia-restaurante-almudaina-800-1-768x1152.jpg 768w, https:\/\/restaurantealmudaina.com\/wp-content\/uploads\/2025\/10\/Familia-restaurante-almudaina-800-1-370x555.jpg 370w, https:\/\/restaurantealmudaina.com\/wp-content\/uploads\/2025\/10\/Familia-restaurante-almudaina-800-1-410x615.jpg 410w\" sizes=\"(max-width: 800px) 100vw, 800px\" \/>\t\t\t\t\t\t\t\t\t\t\t\t\t\t\t<\/div>\n\t\t\t\t<\/div>\n\t\t\t\t\t<\/div>\n\t\t<\/div>\n\t\t\t\t\t<\/div>\n\t\t<\/section>\n\t\t\t\t\t<\/div>\n\t\t<\/div>\n\t\t\t\t<div class=\"elementor-column elementor-col-50 elementor-top-column elementor-element elementor-element-4beac3ad sc_content_align_inherit sc_layouts_column_icons_position_left sc_fly_static\" data-id=\"4beac3ad\" data-element_type=\"column\" data-settings=\"{&quot;background_background&quot;:&quot;classic&quot;}\">\n\t\t\t<div class=\"elementor-widget-wrap elementor-element-populated\">\n\t\t\t\t\t\t<div class=\"elementor-element elementor-element-59a74899 sc_fly_static elementor-widget elementor-widget-trx_sc_title\" data-id=\"59a74899\" data-element_type=\"widget\" data-widget_type=\"trx_sc_title.default\">\n\t\t\t\t<div class=\"elementor-widget-container\">\n\t\t\t\t\t<div\t\tclass=\"sc_title color_style_link2 sc_title_default\" ><span class=\"sc_item_subtitle sc_title_subtitle sc_item_subtitle_above sc_item_title_style_default\">EL RESTAURANTE ALMUDAINA<\/span><h1 class=\"sc_item_title sc_title_title sc_item_title_style_default sc_item_title_tag\"\n\t\t\t><span class=\"sc_item_title_text\">NUESTA HISTORIA<\/span><\/h1><\/div>\t\t\t\t<\/div>\n\t\t\t\t<\/div>\n\t\t\t\t<div class=\"elementor-element elementor-element-1351e6e4 sc_fly_static elementor-widget elementor-widget-spacer\" data-id=\"1351e6e4\" data-element_type=\"widget\" data-widget_type=\"spacer.default\">\n\t\t\t\t<div class=\"elementor-widget-container\">\n\t\t\t\t\t\t\t<div class=\"elementor-spacer\">\n\t\t\t<div class=\"elementor-spacer-inner\"><\/div>\n\t\t<\/div>\n\t\t\t\t\t\t<\/div>\n\t\t\t\t<\/div>\n\t\t\t\t<div class=\"elementor-element elementor-element-11ea1031 sc_fly_static elementor-widget elementor-widget-text-editor\" data-id=\"11ea1031\" data-element_type=\"widget\" data-widget_type=\"text-editor.default\">\n\t\t\t\t<div class=\"elementor-widget-container\">\n\t\t\t\t\t\t\t\t\t<div class=\"elementor-element elementor-element-1f818a2 elementor-widget elementor-widget-text-editor\" data-id=\"1f818a2\" data-element_type=\"widget\" data-widget_type=\"text-editor.default\"><div class=\"elementor-widget-container\">\u00a0<\/div><\/div><div class=\"elementor-element elementor-element-1e01ff3 elementor-widget elementor-widget-text-editor\" data-id=\"1e01ff3\" data-element_type=\"widget\" data-widget_type=\"text-editor.default\"><div class=\"elementor-widget-container\"><div class=\"wpb_text_column wpb_content_element\"><p data-start=\"244\" data-end=\"865\">Almudaina es una casa con historia, ubicada en el coraz\u00f3n de C\u00f3rdoba. Desde 1987, trabajamos para preservar y reinterpretar la gastronom\u00eda andaluza con respeto, t\u00e9cnica y autenticidad.<\/p><p data-start=\"244\" data-end=\"865\"><br data-start=\"428\" data-end=\"431\" \/>Nuestra cocina combina tradici\u00f3n y modernidad, utilizando productos locales y de temporada para crear una experiencia donde el sabor, el entorno y el servicio conviven en equilibrio. El equipo que forma Almudaina comparte una misma filosof\u00eda: cuidar cada detalle y ofrecer una atenci\u00f3n discreta, cercana y profesional.<\/p><p data-start=\"244\" data-end=\"865\">Cada visita es una invitaci\u00f3n a redescubrir la esencia de nuestra tierra, con la calma y el rigor que merece.<\/p><p>Maria del Mar y Sonia Gim\u00e9nez.<\/p><\/div><\/div><\/div>\t\t\t\t\t\t\t\t<\/div>\n\t\t\t\t<\/div>\n\t\t\t\t<div class=\"elementor-element elementor-element-994bb5e sc_fly_static elementor-widget elementor-widget-spacer\" data-id=\"994bb5e\" data-element_type=\"widget\" data-widget_type=\"spacer.default\">\n\t\t\t\t<div class=\"elementor-widget-container\">\n\t\t\t\t\t\t\t<div class=\"elementor-spacer\">\n\t\t\t<div class=\"elementor-spacer-inner\"><\/div>\n\t\t<\/div>\n\t\t\t\t\t\t<\/div>\n\t\t\t\t<\/div>\n\t\t\t\t<div class=\"elementor-element elementor-element-40023584 sc_fly_static elementor-widget elementor-widget-spacer\" data-id=\"40023584\" data-element_type=\"widget\" data-widget_type=\"spacer.default\">\n\t\t\t\t<div class=\"elementor-widget-container\">\n\t\t\t\t\t\t\t<div class=\"elementor-spacer\">\n\t\t\t<div class=\"elementor-spacer-inner\"><\/div>\n\t\t<\/div>\n\t\t\t\t\t\t<\/div>\n\t\t\t\t<\/div>\n\t\t\t\t<div class=\"elementor-element elementor-element-43fe5eb8 sc_layouts_hide_on_mobile sc_fly_static elementor-widget elementor-widget-spacer\" data-id=\"43fe5eb8\" data-element_type=\"widget\" data-widget_type=\"spacer.default\">\n\t\t\t\t<div class=\"elementor-widget-container\">\n\t\t\t\t\t\t\t<div class=\"elementor-spacer\">\n\t\t\t<div class=\"elementor-spacer-inner\"><\/div>\n\t\t<\/div>\n\t\t\t\t\t\t<\/div>\n\t\t\t\t<\/div>\n\t\t\t\t\t<\/div>\n\t\t<\/div>\n\t\t\t\t\t<\/div>\n\t\t<\/section>\n\t\t\t\t<section class=\"elementor-section elementor-top-section elementor-element elementor-element-4e228cc elementor-section-boxed elementor-section-height-default elementor-section-height-default sc_fly_static\" data-id=\"4e228cc\" data-element_type=\"section\">\n\t\t\t\t\t\t<div class=\"elementor-container elementor-column-gap-extended\">\n\t\t\t\t\t<div class=\"elementor-column elementor-col-100 elementor-top-column elementor-element elementor-element-31606d5 sc_content_align_inherit sc_layouts_column_icons_position_left sc_fly_static\" data-id=\"31606d5\" data-element_type=\"column\">\n\t\t\t<div class=\"elementor-widget-wrap\">\n\t\t\t\t\t\t\t<\/div>\n\t\t<\/div>\n\t\t\t\t\t<\/div>\n\t\t<\/section>\n\t\t\t\t<\/div>","protected":false},"excerpt":{"rendered":"<p>EL RESTAURANTE ALMUDAINA NUESTA HISTORIA \u00a0 Almudaina es una casa con historia, ubicada en el coraz\u00f3n de C\u00f3rdoba. Desde 1987, trabajamos para preservar y reinterpretar la gastronom\u00eda andaluza con respeto,&hellip;<\/p>","protected":false},"author":1,"featured_media":0,"parent":0,"menu_order":0,"comment_status":"closed","ping_status":"closed","template":"","meta":{"footnotes":""},"class_list":["post-36","page","type-page","status-publish","hentry"],"_links":{"self":[{"href":"https:\/\/restaurantealmudaina.com\/en\/wp-json\/wp\/v2\/pages\/36","targetHints":{"allow":["GET"]}}],"collection":[{"href":"https:\/\/restaurantealmudaina.com\/en\/wp-json\/wp\/v2\/pages"}],"about":[{"href":"https:\/\/restaurantealmudaina.com\/en\/wp-json\/wp\/v2\/types\/page"}],"author":[{"embeddable":true,"href":"https:\/\/restaurantealmudaina.com\/en\/wp-json\/wp\/v2\/users\/1"}],"replies":[{"embeddable":true,"href":"https:\/\/restaurantealmudaina.com\/en\/wp-json\/wp\/v2\/comments?post=36"}],"version-history":[{"count":124,"href":"https:\/\/restaurantealmudaina.com\/en\/wp-json\/wp\/v2\/pages\/36\/revisions"}],"predecessor-version":[{"id":2225,"href":"https:\/\/restaurantealmudaina.com\/en\/wp-json\/wp\/v2\/pages\/36\/revisions\/2225"}],"wp:attachment":[{"href":"https:\/\/restaurantealmudaina.com\/en\/wp-json\/wp\/v2\/media?parent=36"}],"curies":[{"name":"wp","href":"https:\/\/api.w.org\/{rel}","templated":true}]}}